{"id":28256,"date":"2024-07-03T10:59:36","date_gmt":"2024-07-03T08:59:36","guid":{"rendered":"https:\/\/www.epernay-tourisme.com\/le-blog\/"},"modified":"2025-09-15T09:05:13","modified_gmt":"2025-09-15T07:05:13","slug":"plan-my-trip-champagne-region","status":"publish","type":"page","link":"https:\/\/www.epernay-tourisme.com\/en\/plan-my-trip-champagne-region\/","title":{"rendered":"Plan my trip"},"content":{"rendered":"\t\t<div data-elementor-type=\"wp-page\" data-elementor-id=\"28256\" class=\"elementor elementor-28256 elementor-28236\" data-elementor-post-type=\"page\">\n\t\t\t\t\t\t<section class=\"elementor-section elementor-top-section elementor-element elementor-element-6fbe7ba elementor-section-full_width elementor-section-content-middle modele-blog-2 alternatif reverse elementor-section-height-default elementor-section-height-default\" data-id=\"6fbe7ba\" data-element_type=\"section\">\n\t\t\t\t\t\t<div class=\"elementor-container elementor-column-gap-default\">\n\t\t\t\t\t<div class=\"elementor-column elementor-col-50 elementor-top-column elementor-element elementor-element-00fb54d text-col fs-texte\" data-id=\"00fb54d\" data-element_type=\"column\" data-settings=\"{&quot;background_background&quot;:&quot;classic&quot;}\">\n\t\t\t<div class=\"elementor-widget-wrap elementor-element-populated\">\n\t\t\t\t\t\t<div class=\"elementor-element elementor-element-9abde5e fs-sstitre elementor-widget elementor-widget-heading\" data-id=\"9abde5e\" data-element_type=\"widget\" data-widget_type=\"heading.default\">\n\t\t\t\t<div class=\"elementor-widget-container\">\n\t\t\t\t\t<h3 class=\"elementor-heading-title elementor-size-default\">Rendez-vous with local flavours<\/h3>\t\t\t\t<\/div>\n\t\t\t\t<\/div>\n\t\t\t\t<div class=\"elementor-element elementor-element-cfea46a fs-titre elementor-widget elementor-widget-heading\" data-id=\"cfea46a\" data-element_type=\"widget\" data-widget_type=\"heading.default\">\n\t\t\t\t<div class=\"elementor-widget-container\">\n\t\t\t\t\t<h2 class=\"elementor-heading-title elementor-size-default\">Epernay Gourmand <\/h2>\t\t\t\t<\/div>\n\t\t\t\t<\/div>\n\t\t\t\t<div class=\"elementor-element elementor-element-14c1f08 elementor-widget elementor-widget-text-editor\" data-id=\"14c1f08\" data-element_type=\"widget\" data-widget_type=\"text-editor.default\">\n\t\t\t\t<div class=\"elementor-widget-container\">\n\t\t\t\t\t\t\t\t\t<p>The Town Hall, Jean-R\u00e9mi Mo\u00ebt&#8217;s Orangerie, Ch\u00e2teau Perrier&#8230; Discover the prestigious avenue de Champagne with a guide from the Tourist Office, who will tell you all about its history and secrets. At the end of the tour, a well-deserved gourmet break awaits you in a champagne house on the famous avenue. You can enjoy a glass of champagne and savour a sweet or savoury treat during this convivial moment that will delight your taste buds!<\/p>\t\t\t\t\t\t\t\t<\/div>\n\t\t\t\t<\/div>\n\t\t\t\t<div class=\"elementor-element elementor-element-f805484 elementor-widget elementor-widget-fs-widget-bouton\" data-id=\"f805484\" data-element_type=\"widget\" data-widget_type=\"fs-widget-bouton.default\">\n\t\t\t\t<div class=\"elementor-widget-container\">\n\t\t\t\t\t\t\t\t\t<div class=\"fs-bouton\">\n\t\t\t\t\t<div class=\"lien default\">\n\t\t\t\t\t\t<a\n\t\t\t\t\t\t\thref=\"https:\/\/www.epernay-tourisme.com\/agenda\/guided-tour-epernay-gourmand\/\"\t\t\t\t\t\t>\n\t\t\t\t\t\t\t<span>more <\/span>\n\t\t\t\t\t\t<\/a>\n\t\t\t\t\t<\/div>\n\t\t\t\t<\/div>\n\t\t\t\t\t\t\t\t<\/div>\n\t\t\t\t<\/div>\n\t\t\t\t\t<\/div>\n\t\t<\/div>\n\t\t\t\t<div class=\"elementor-column elementor-col-50 elementor-top-column elementor-element elementor-element-54742b7 image-col\" data-id=\"54742b7\" data-element_type=\"column\">\n\t\t\t<div class=\"elementor-widget-wrap elementor-element-populated\">\n\t\t\t\t\t\t<div class=\"elementor-element elementor-element-ca1640c elementor-widget elementor-widget-image\" data-id=\"ca1640c\" data-element_type=\"widget\" data-widget_type=\"image.default\">\n\t\t\t\t<div class=\"elementor-widget-container\">\n\t\t\t\t\t\t\t\t\t\t\t\t\t\t\t<img fetchpriority=\"high\" decoding=\"async\" width=\"1638\" height=\"2048\" src=\"https:\/\/www.epernay-tourisme.com\/assets\/uploads\/2024\/07\/post-visites-guidees3-1-scaled.jpg\" class=\"attachment-full size-full wp-image-28785\" alt=\"\" srcset=\"https:\/\/www.epernay-tourisme.com\/assets\/uploads\/2024\/07\/post-visites-guidees3-1-scaled.jpg 1638w, https:\/\/www.epernay-tourisme.com\/assets\/uploads\/2024\/07\/post-visites-guidees3-1-240x300.jpg 240w, https:\/\/www.epernay-tourisme.com\/assets\/uploads\/2024\/07\/post-visites-guidees3-1-819x1024.jpg 819w, https:\/\/www.epernay-tourisme.com\/assets\/uploads\/2024\/07\/post-visites-guidees3-1-768x960.jpg 768w, https:\/\/www.epernay-tourisme.com\/assets\/uploads\/2024\/07\/post-visites-guidees3-1-1229x1536.jpg 1229w\" sizes=\"(max-width: 1638px) 100vw, 1638px\" \/>\t\t\t\t\t\t\t\t\t\t\t\t\t\t\t<\/div>\n\t\t\t\t<\/div>\n\t\t\t\t\t<\/div>\n\t\t<\/div>\n\t\t\t\t\t<\/div>\n\t\t<\/section>\n\t\t\t\t<section class=\"elementor-section elementor-top-section elementor-element elementor-element-689457e9 container-fluid modele-playlist-blog elementor-section-boxed elementor-section-height-default elementor-section-height-default\" data-id=\"689457e9\" data-element_type=\"section\">\n\t\t\t\t\t\t<div class=\"elementor-container elementor-column-gap-default\">\n\t\t\t\t\t<div class=\"elementor-column elementor-col-50 elementor-top-column elementor-element elementor-element-5441331c fs-texts\" data-id=\"5441331c\" data-element_type=\"column\">\n\t\t\t<div class=\"elementor-widget-wrap elementor-element-populated\">\n\t\t\t\t\t\t<div class=\"elementor-element elementor-element-39a7d1a1 fs-titre elementor-widget elementor-widget-heading\" data-id=\"39a7d1a1\" data-element_type=\"widget\" data-widget_type=\"heading.default\">\n\t\t\t\t<div class=\"elementor-widget-container\">\n\t\t\t\t\t<h2 class=\"elementor-heading-title elementor-size-default\">THESE ARTICLES MIGHT INTEREST YOU ! <\/h2>\t\t\t\t<\/div>\n\t\t\t\t<\/div>\n\t\t\t\t<div class=\"elementor-element elementor-element-63138871 fs-intro elementor-widget elementor-widget-text-editor\" data-id=\"63138871\" data-element_type=\"widget\" data-widget_type=\"text-editor.default\">\n\t\t\t\t<div class=\"elementor-widget-container\">\n\t\t\t\t\t\t\t\t\t<p>Do you want to organise your stay to perfection? <br \/>Here you&#8217;ll find all the information you need to discover the sparkling secrets that Champagne has to offer!<\/p>\t\t\t\t\t\t\t\t<\/div>\n\t\t\t\t<\/div>\n\t\t\t\t\t<\/div>\n\t\t<\/div>\n\t\t\t\t<div class=\"elementor-column elementor-col-50 elementor-top-column elementor-element elementor-element-6ebc91e5 fs-carousel\" data-id=\"6ebc91e5\" data-element_type=\"column\">\n\t\t\t<div class=\"elementor-widget-wrap elementor-element-populated\">\n\t\t\t\t\t\t<div class=\"elementor-element elementor-element-b281a41 elementor-widget elementor-widget-fs-widget-playlist-cpt\" data-id=\"b281a41\" data-element_type=\"widget\" data-widget_type=\"fs-widget-playlist-cpt.default\">\n\t\t\t\t<div class=\"elementor-widget-container\">\n\t\t\t\t\t<div class=\"playlist_list render-list\"><div class=\"list list--carrousel fs-playlist-nb-element-2\">\t\t\t\t\t<div class=\"swiper fs_playlist-swiper\" id=\"swiper-carrousel-25\">\n\t\t\t\t<div class=\"swiper-wrapper\">\n\t\t\t\t\t<div class=\"swiper-slide\">\n<a href=\"https:\/\/www.epernay-tourisme.com\/en\/champagne-houses-to-visit-and-what-to-do-in-the-champagne-region\/\" target=\"_blank\" class=\"card card--elementor-playlist stretched-link blog\" data-id=\"28715\" data-post-id-sync-map=\"28715\" >\n\t<div class=\"card__vignette\">\n\t\t<img decoding=\"async\" src=\"https:\/\/www.epernay-tourisme.com\/assets\/uploads\/2024\/07\/la-marne-by-les-coflocs-coflocs-109-1-scaled.jpg\" alt=\"What to do in the Champagne region ?\" title=\"What to do in the Champagne region ?\" loading=\"lazy\">\n\t<\/div>\n\n\t<div class=\"card__body\">\n\t\t\n\t\t\t\t\t<div class=\"publish-date\">\n\t\t\t\t17 July 2024\t\t\t<\/div>\n\t\t\n\t\t<h3 class=\"titre\">What to do in the Champagne region ?<\/h3>\n\n\t\t\t<\/div>\n\n\t<button class=\"btn btn-primary\">Read more<\/button>\n<\/a>\n\n\t<\/div><div class=\"swiper-slide\">\n<a href=\"https:\/\/www.epernay-tourisme.com\/en\/spa-hotel-spa-retreat-couples-massage-luxury-spa-day-champagne-region\/\" target=\"_blank\" class=\"card card--elementor-playlist stretched-link blog\" data-id=\"28687\" data-post-id-sync-map=\"28687\" >\n\t<div class=\"card__vignette\">\n\t\t<img decoding=\"async\" src=\"https:\/\/www.epernay-tourisme.com\/assets\/uploads\/2024\/07\/where-to-relax.png\" alt=\"Where to relax ?\" title=\"Where to relax ?\" loading=\"lazy\">\n\t<\/div>\n\n\t<div class=\"card__body\">\n\t\t\n\t\t\t\t\t<div class=\"publish-date\">\n\t\t\t\t17 July 2024\t\t\t<\/div>\n\t\t\n\t\t<h3 class=\"titre\">Where to relax ?<\/h3>\n\n\t\t\t<\/div>\n\n\t<button class=\"btn btn-primary\">Read more<\/button>\n<\/a>\n\n\t<\/div>\t\t\t\t<\/div>\n\t\t\t\t\t\t\t\t\t\n\t\t\t\t\t\t\t\t\t\t\t<div class=\"swiper-navigation\">\n\t\t\t\t\t\t\t<div class=\"swiper-button-prev\"><\/div>\n\t\t\t\t\t\t\t<div class=\"swiper-button-next\"><\/div>\n\t\t\t\t\t\t<\/div>\n\t\t\t\t\t\n\t\t\t\t\t\t\t\t\t\t\t\t<\/div>\n\t\t\n\t\t\t\t\t<script>\n\t\t\t\tjQuery(function($){\n\t\t\t\t\t$(document).ready(function(){\n\t\t\t\t\t\tvar swiper = new Swiper(\"#swiper-carrousel-25\", {\"slidesPerView\":1.35,\"spaceBetween\":15,\"speed\":1000,\"longSwipesRatio\":0.01,\"parallax\":true,\"lazy\":{\"loadPrevNext\":true},\"breakpoints\":{\"768\":{\"slidesPerView\":1.4},\"1024\":{\"slidesPerView\":2.4},\"1280\":{\"slidesPerView\":3.4}},\"navigation\":{\"nextEl\":\" .swiper-button-next\",\"prevEl\":\" .swiper-button-prev\"}});\n\t\t\t\t\t});\n\t\t\t\t})\n\t\t\t<\/script>\n\t\t<\/div><\/div>\t\t\t\t<\/div>\n\t\t\t\t<\/div>\n\t\t\t\t\t<\/div>\n\t\t<\/div>\n\t\t\t\t\t<\/div>\n\t\t<\/section>\n\t\t\t\t<section class=\"elementor-section elementor-top-section elementor-element elementor-element-5bb22b6 elementor-section-full_width elementor-section-content-middle modele-blog-2 alternatif reverse elementor-section-height-default elementor-section-height-default\" data-id=\"5bb22b6\" data-element_type=\"section\">\n\t\t\t\t\t\t<div class=\"elementor-container elementor-column-gap-default\">\n\t\t\t\t\t<div class=\"elementor-column elementor-col-50 elementor-top-column elementor-element elementor-element-26f7132 text-col fs-texte\" data-id=\"26f7132\" data-element_type=\"column\" data-settings=\"{&quot;background_background&quot;:&quot;classic&quot;}\">\n\t\t\t<div class=\"elementor-widget-wrap elementor-element-populated\">\n\t\t\t\t\t\t<div class=\"elementor-element elementor-element-2d1b6ea fs-sstitre elementor-widget elementor-widget-heading\" data-id=\"2d1b6ea\" data-element_type=\"widget\" data-widget_type=\"heading.default\">\n\t\t\t\t<div class=\"elementor-widget-container\">\n\t\t\t\t\t<h3 class=\"elementor-heading-title elementor-size-default\">Esprit de Champagne - The meeting &amp; The Discovery<\/h3>\t\t\t\t<\/div>\n\t\t\t\t<\/div>\n\t\t\t\t<div class=\"elementor-element elementor-element-e7d89fd fs-titre elementor-widget elementor-widget-heading\" data-id=\"e7d89fd\" data-element_type=\"widget\" data-widget_type=\"heading.default\">\n\t\t\t\t<div class=\"elementor-widget-container\">\n\t\t\t\t\t<h2 class=\"elementor-heading-title elementor-size-default\">FREE TASTING AND SHUTTLE TOUR<\/h2>\t\t\t\t<\/div>\n\t\t\t\t<\/div>\n\t\t\t\t<div class=\"elementor-element elementor-element-c87cc00 elementor-widget elementor-widget-text-editor\" data-id=\"c87cc00\" data-element_type=\"widget\" data-widget_type=\"text-editor.default\">\n\t\t\t\t<div class=\"elementor-widget-container\">\n\t\t\t\t\t\t\t\t\t<p>When you visit the Epernay en Champagne Tourist Office, 2 Champagne producers will welcome you for a free tasting (in moderation, of course). During this friendly chat, they&#8217;ll introduce you to their terroir, their cellars and their wines. You also have a second choice: take a shuttle to conquer the Champagne vineyards and visit a winemaker for a 100% immersive experience (One-off price: \u20ac20\/person &#8211; \u20ac6,50\/-18 yrs. Transport and service included)<\/p>\t\t\t\t\t\t\t\t<\/div>\n\t\t\t\t<\/div>\n\t\t\t\t<div class=\"elementor-element elementor-element-5080acf elementor-widget elementor-widget-fs-widget-bouton\" data-id=\"5080acf\" data-element_type=\"widget\" data-widget_type=\"fs-widget-bouton.default\">\n\t\t\t\t<div class=\"elementor-widget-container\">\n\t\t\t\t\t\t\t\t\t<div class=\"fs-bouton\">\n\t\t\t\t\t<div class=\"lien default\">\n\t\t\t\t\t\t<a\n\t\t\t\t\t\t\thref=\"https:\/\/www.epernay-tourisme.com\/en\/champagne-visit\/champagne-experiences-inspirations\/epernay-tourisme-com-en-100-champagne-champagne-tasting-french-vineyard-champagne-tour\/\"\t\t\t\t\t\t>\n\t\t\t\t\t\t\t<span>more <\/span>\n\t\t\t\t\t\t<\/a>\n\t\t\t\t\t<\/div>\n\t\t\t\t<\/div>\n\t\t\t\t\t\t\t\t<\/div>\n\t\t\t\t<\/div>\n\t\t\t\t\t<\/div>\n\t\t<\/div>\n\t\t\t\t<div class=\"elementor-column elementor-col-50 elementor-top-column elementor-element elementor-element-4c0261a image-col\" data-id=\"4c0261a\" data-element_type=\"column\">\n\t\t\t<div class=\"elementor-widget-wrap elementor-element-populated\">\n\t\t\t\t\t\t<div class=\"elementor-element elementor-element-c3b22bb elementor-widget elementor-widget-image\" data-id=\"c3b22bb\" data-element_type=\"widget\" data-widget_type=\"image.default\">\n\t\t\t\t<div class=\"elementor-widget-container\">\n\t\t\t\t\t\t\t\t\t\t\t\t\t\t\t<img decoding=\"async\" width=\"2048\" height=\"2048\" src=\"https:\/\/www.epernay-tourisme.com\/assets\/uploads\/2024\/07\/esprit-champagne-scaled.jpg\" class=\"attachment-full size-full wp-image-28833\" alt=\"\" srcset=\"https:\/\/www.epernay-tourisme.com\/assets\/uploads\/2024\/07\/esprit-champagne-scaled.jpg 2048w, https:\/\/www.epernay-tourisme.com\/assets\/uploads\/2024\/07\/esprit-champagne-300x300.jpg 300w, https:\/\/www.epernay-tourisme.com\/assets\/uploads\/2024\/07\/esprit-champagne-1024x1024.jpg 1024w, https:\/\/www.epernay-tourisme.com\/assets\/uploads\/2024\/07\/esprit-champagne-150x150.jpg 150w, https:\/\/www.epernay-tourisme.com\/assets\/uploads\/2024\/07\/esprit-champagne-768x768.jpg 768w, https:\/\/www.epernay-tourisme.com\/assets\/uploads\/2024\/07\/esprit-champagne-1536x1536.jpg 1536w\" sizes=\"(max-width: 2048px) 100vw, 2048px\" \/>\t\t\t\t\t\t\t\t\t\t\t\t\t\t\t<\/div>\n\t\t\t\t<\/div>\n\t\t\t\t\t<\/div>\n\t\t<\/div>\n\t\t\t\t\t<\/div>\n\t\t<\/section>\n\t\t\t\t<\/div>\n\t\t<button class=\"simplefavorite-button\" data-postid=\"28687\" data-siteid=\"1\" data-groupid=\"1\" data-favoritecount=\"0\" style=\"\"><\/button>","protected":false},"excerpt":{"rendered":"<p>Rendez-vous with local flavours Epernay Gourmand The Town Hall, Jean-R\u00e9mi Mo\u00ebt&#8217;s Orangerie, Ch\u00e2teau Perrier&#8230; Discover the prestigious avenue de Champagne with a guide from the Tourist Office, who will tell you all about its history and secrets. At the end of the tour, a well-deserved gourmet break awaits you in a champagne house on the [&hellip;]<\/p>\n","protected":false},"author":1,"featured_media":28882,"parent":0,"menu_order":0,"comment_status":"closed","ping_status":"closed","template":"templates\/blog.php","meta":{"_acf_changed":false,"footnotes":""},"class_list":["post-28256","page","type-page","status-publish","has-post-thumbnail","hentry"],"acf":[],"yoast_head":"<!-- This site is optimized with the Yoast SEO plugin v26.2 - https:\/\/yoast.com\/wordpress\/plugins\/seo\/ -->\n<title>All you need to plan your trip to the Champagne Region<\/title>\n<meta name=\"description\" content=\"Complete guide to plan your vacation in the Champagne region, where to stay, what to do, what to see, when to visit for a romantic holiday or celebration with friends\" \/>\n<meta name=\"robots\" content=\"index, follow, max-snippet:-1, max-image-preview:large, max-video-preview:-1\" \/>\n<link rel=\"canonical\" href=\"https:\/\/www.epernay-tourisme.com\/en\/plan-my-trip-champagne-region\/\" \/>\n<meta property=\"og:locale\" content=\"en_US\" \/>\n<meta property=\"og:type\" content=\"article\" \/>\n<meta property=\"og:title\" content=\"All you need to plan your trip to the Champagne Region\" \/>\n<meta property=\"og:description\" content=\"Complete guide to plan your vacation in the Champagne region, where to stay, what to do, what to see, when to visit for a romantic holiday or celebration with friends\" \/>\n<meta property=\"og:url\" content=\"https:\/\/www.epernay-tourisme.com\/en\/plan-my-trip-champagne-region\/\" \/>\n<meta property=\"og:site_name\" content=\"Epernay\" \/>\n<meta property=\"article:publisher\" content=\"https:\/\/www.facebook.com\/tourisme.epernay.champagne\" \/>\n<meta property=\"article:modified_time\" content=\"2025-09-15T07:05:13+00:00\" \/>\n<meta property=\"og:image\" content=\"https:\/\/www.epernay-tourisme.com\/assets\/uploads\/2024\/07\/3-1-1024x683.png\" \/>\n\t<meta property=\"og:image:width\" content=\"1024\" \/>\n\t<meta property=\"og:image:height\" content=\"683\" \/>\n\t<meta property=\"og:image:type\" content=\"image\/png\" \/>\n<meta name=\"twitter:card\" content=\"summary_large_image\" \/>\n<meta name=\"twitter:label1\" content=\"Est. reading time\" \/>\n\t<meta name=\"twitter:data1\" content=\"1 minute\" \/>\n<script type=\"application\/ld+json\" class=\"yoast-schema-graph\">{\"@context\":\"https:\/\/schema.org\",\"@graph\":[{\"@type\":\"WebPage\",\"@id\":\"https:\/\/www.epernay-tourisme.com\/en\/plan-my-trip-champagne-region\/\",\"url\":\"https:\/\/www.epernay-tourisme.com\/en\/plan-my-trip-champagne-region\/\",\"name\":\"All you need to plan your trip to the Champagne Region\",\"isPartOf\":{\"@id\":\"https:\/\/www.epernay-tourisme.com\/en\/#website\"},\"primaryImageOfPage\":{\"@id\":\"https:\/\/www.epernay-tourisme.com\/en\/plan-my-trip-champagne-region\/#primaryimage\"},\"image\":{\"@id\":\"https:\/\/www.epernay-tourisme.com\/en\/plan-my-trip-champagne-region\/#primaryimage\"},\"thumbnailUrl\":\"https:\/\/www.epernay-tourisme.com\/assets\/uploads\/2024\/07\/3-1.png\",\"datePublished\":\"2024-07-03T08:59:36+00:00\",\"dateModified\":\"2025-09-15T07:05:13+00:00\",\"description\":\"Complete guide to plan your vacation in the Champagne region, where to stay, what to do, what to see, when to visit for a romantic holiday or celebration with friends\",\"breadcrumb\":{\"@id\":\"https:\/\/www.epernay-tourisme.com\/en\/plan-my-trip-champagne-region\/#breadcrumb\"},\"inLanguage\":\"en-US\",\"potentialAction\":[{\"@type\":\"ReadAction\",\"target\":[\"https:\/\/www.epernay-tourisme.com\/en\/plan-my-trip-champagne-region\/\"]}]},{\"@type\":\"ImageObject\",\"inLanguage\":\"en-US\",\"@id\":\"https:\/\/www.epernay-tourisme.com\/en\/plan-my-trip-champagne-region\/#primaryimage\",\"url\":\"https:\/\/www.epernay-tourisme.com\/assets\/uploads\/2024\/07\/3-1.png\",\"contentUrl\":\"https:\/\/www.epernay-tourisme.com\/assets\/uploads\/2024\/07\/3-1.png\",\"width\":1305,\"height\":871},{\"@type\":\"BreadcrumbList\",\"@id\":\"https:\/\/www.epernay-tourisme.com\/en\/plan-my-trip-champagne-region\/#breadcrumb\",\"itemListElement\":[{\"@type\":\"ListItem\",\"position\":1,\"name\":\"Accueil\",\"item\":\"https:\/\/www.epernay-tourisme.com\/en\/\"},{\"@type\":\"ListItem\",\"position\":2,\"name\":\"Le blog\",\"item\":\"https:\/\/www.epernay-tourisme.com\/en\/all-our-articles-accommodation-in-the-champagne-region\/\"},{\"@type\":\"ListItem\",\"position\":3,\"name\":\"To relax\",\"item\":\"https:\/\/www.epernay-tourisme.com\/en\/all-our-articles-accommodation-in-the-champagne-region\/?_categories=to-relax\"},{\"@type\":\"ListItem\",\"position\":4,\"name\":\"Plan my trip\"}]},{\"@type\":\"WebSite\",\"@id\":\"https:\/\/www.epernay-tourisme.com\/en\/#website\",\"url\":\"https:\/\/www.epernay-tourisme.com\/en\/\",\"name\":\"Epernay\",\"description\":\"\",\"publisher\":{\"@id\":\"https:\/\/www.epernay-tourisme.com\/en\/#organization\"},\"potentialAction\":[{\"@type\":\"SearchAction\",\"target\":{\"@type\":\"EntryPoint\",\"urlTemplate\":\"https:\/\/www.epernay-tourisme.com\/en\/?s={search_term_string}\"},\"query-input\":{\"@type\":\"PropertyValueSpecification\",\"valueRequired\":true,\"valueName\":\"search_term_string\"}}],\"inLanguage\":\"en-US\"},{\"@type\":\"Organization\",\"@id\":\"https:\/\/www.epernay-tourisme.com\/en\/#organization\",\"name\":\"Epernay\",\"url\":\"https:\/\/www.epernay-tourisme.com\/en\/\",\"logo\":{\"@type\":\"ImageObject\",\"inLanguage\":\"en-US\",\"@id\":\"https:\/\/www.epernay-tourisme.com\/en\/#\/schema\/logo\/image\/\",\"url\":\"https:\/\/www.epernay-tourisme.com\/assets\/uploads\/2022\/02\/logo-epernay.svg\",\"contentUrl\":\"https:\/\/www.epernay-tourisme.com\/assets\/uploads\/2022\/02\/logo-epernay.svg\",\"width\":242,\"height\":63,\"caption\":\"Epernay\"},\"image\":{\"@id\":\"https:\/\/www.epernay-tourisme.com\/en\/#\/schema\/logo\/image\/\"},\"sameAs\":[\"https:\/\/www.facebook.com\/tourisme.epernay.champagne\",\"https:\/\/www.linkedin.com\/company\/office-de-tourisme-epernay\/\",\"https:\/\/www.instagram.com\/epernaytourisme\/\"]}]}<\/script>\n<!-- \/ Yoast SEO plugin. -->","yoast_head_json":{"title":"All you need to plan your trip to the Champagne Region","description":"Complete guide to plan your vacation in the Champagne region, where to stay, what to do, what to see, when to visit for a romantic holiday or celebration with friends","robots":{"index":"index","follow":"follow","max-snippet":"max-snippet:-1","max-image-preview":"max-image-preview:large","max-video-preview":"max-video-preview:-1"},"canonical":"https:\/\/www.epernay-tourisme.com\/en\/plan-my-trip-champagne-region\/","og_locale":"en_US","og_type":"article","og_title":"All you need to plan your trip to the Champagne Region","og_description":"Complete guide to plan your vacation in the Champagne region, where to stay, what to do, what to see, when to visit for a romantic holiday or celebration with friends","og_url":"https:\/\/www.epernay-tourisme.com\/en\/plan-my-trip-champagne-region\/","og_site_name":"Epernay","article_publisher":"https:\/\/www.facebook.com\/tourisme.epernay.champagne","article_modified_time":"2025-09-15T07:05:13+00:00","og_image":[{"width":1024,"height":683,"url":"https:\/\/www.epernay-tourisme.com\/assets\/uploads\/2024\/07\/3-1-1024x683.png","type":"image\/png"}],"twitter_card":"summary_large_image","twitter_misc":{"Est. reading time":"1 minute"},"schema":{"@context":"https:\/\/schema.org","@graph":[{"@type":"WebPage","@id":"https:\/\/www.epernay-tourisme.com\/en\/plan-my-trip-champagne-region\/","url":"https:\/\/www.epernay-tourisme.com\/en\/plan-my-trip-champagne-region\/","name":"All you need to plan your trip to the Champagne Region","isPartOf":{"@id":"https:\/\/www.epernay-tourisme.com\/en\/#website"},"primaryImageOfPage":{"@id":"https:\/\/www.epernay-tourisme.com\/en\/plan-my-trip-champagne-region\/#primaryimage"},"image":{"@id":"https:\/\/www.epernay-tourisme.com\/en\/plan-my-trip-champagne-region\/#primaryimage"},"thumbnailUrl":"https:\/\/www.epernay-tourisme.com\/assets\/uploads\/2024\/07\/3-1.png","datePublished":"2024-07-03T08:59:36+00:00","dateModified":"2025-09-15T07:05:13+00:00","description":"Complete guide to plan your vacation in the Champagne region, where to stay, what to do, what to see, when to visit for a romantic holiday or celebration with friends","breadcrumb":{"@id":"https:\/\/www.epernay-tourisme.com\/en\/plan-my-trip-champagne-region\/#breadcrumb"},"inLanguage":"en-US","potentialAction":[{"@type":"ReadAction","target":["https:\/\/www.epernay-tourisme.com\/en\/plan-my-trip-champagne-region\/"]}]},{"@type":"ImageObject","inLanguage":"en-US","@id":"https:\/\/www.epernay-tourisme.com\/en\/plan-my-trip-champagne-region\/#primaryimage","url":"https:\/\/www.epernay-tourisme.com\/assets\/uploads\/2024\/07\/3-1.png","contentUrl":"https:\/\/www.epernay-tourisme.com\/assets\/uploads\/2024\/07\/3-1.png","width":1305,"height":871},{"@type":"BreadcrumbList","@id":"https:\/\/www.epernay-tourisme.com\/en\/plan-my-trip-champagne-region\/#breadcrumb","itemListElement":[{"@type":"ListItem","position":1,"name":"Accueil","item":"https:\/\/www.epernay-tourisme.com\/en\/"},{"@type":"ListItem","position":2,"name":"Le blog","item":"https:\/\/www.epernay-tourisme.com\/en\/all-our-articles-accommodation-in-the-champagne-region\/"},{"@type":"ListItem","position":3,"name":"To relax","item":"https:\/\/www.epernay-tourisme.com\/en\/all-our-articles-accommodation-in-the-champagne-region\/?_categories=to-relax"},{"@type":"ListItem","position":4,"name":"Plan my trip"}]},{"@type":"WebSite","@id":"https:\/\/www.epernay-tourisme.com\/en\/#website","url":"https:\/\/www.epernay-tourisme.com\/en\/","name":"Epernay","description":"","publisher":{"@id":"https:\/\/www.epernay-tourisme.com\/en\/#organization"},"potentialAction":[{"@type":"SearchAction","target":{"@type":"EntryPoint","urlTemplate":"https:\/\/www.epernay-tourisme.com\/en\/?s={search_term_string}"},"query-input":{"@type":"PropertyValueSpecification","valueRequired":true,"valueName":"search_term_string"}}],"inLanguage":"en-US"},{"@type":"Organization","@id":"https:\/\/www.epernay-tourisme.com\/en\/#organization","name":"Epernay","url":"https:\/\/www.epernay-tourisme.com\/en\/","logo":{"@type":"ImageObject","inLanguage":"en-US","@id":"https:\/\/www.epernay-tourisme.com\/en\/#\/schema\/logo\/image\/","url":"https:\/\/www.epernay-tourisme.com\/assets\/uploads\/2022\/02\/logo-epernay.svg","contentUrl":"https:\/\/www.epernay-tourisme.com\/assets\/uploads\/2022\/02\/logo-epernay.svg","width":242,"height":63,"caption":"Epernay"},"image":{"@id":"https:\/\/www.epernay-tourisme.com\/en\/#\/schema\/logo\/image\/"},"sameAs":["https:\/\/www.facebook.com\/tourisme.epernay.champagne","https:\/\/www.linkedin.com\/company\/office-de-tourisme-epernay\/","https:\/\/www.instagram.com\/epernaytourisme\/"]}]}},"_links":{"self":[{"href":"https:\/\/www.epernay-tourisme.com\/en\/wp-json\/wp\/v2\/pages\/28256","targetHints":{"allow":["GET"]}}],"collection":[{"href":"https:\/\/www.epernay-tourisme.com\/en\/wp-json\/wp\/v2\/pages"}],"about":[{"href":"https:\/\/www.epernay-tourisme.com\/en\/wp-json\/wp\/v2\/types\/page"}],"author":[{"embeddable":true,"href":"https:\/\/www.epernay-tourisme.com\/en\/wp-json\/wp\/v2\/users\/1"}],"replies":[{"embeddable":true,"href":"https:\/\/www.epernay-tourisme.com\/en\/wp-json\/wp\/v2\/comments?post=28256"}],"version-history":[{"count":0,"href":"https:\/\/www.epernay-tourisme.com\/en\/wp-json\/wp\/v2\/pages\/28256\/revisions"}],"wp:featuredmedia":[{"embeddable":true,"href":"https:\/\/www.epernay-tourisme.com\/en\/wp-json\/wp\/v2\/media\/28882"}],"wp:attachment":[{"href":"https:\/\/www.epernay-tourisme.com\/en\/wp-json\/wp\/v2\/media?parent=28256"}],"curies":[{"name":"wp","href":"https:\/\/api.w.org\/{rel}","templated":true}]}}