{"id":6789,"date":"2023-03-01T16:55:05","date_gmt":"2023-03-01T15:55:05","guid":{"rendered":"https:\/\/www.epernay-tourisme.com\/stay\/"},"modified":"2024-04-05T13:11:43","modified_gmt":"2024-04-05T11:11:43","slug":"stay","status":"publish","type":"page","link":"https:\/\/www.epernay-tourisme.com\/en\/stay\/","title":{"rendered":"Stay"},"content":{"rendered":"\t\t<div data-elementor-type=\"wp-page\" data-elementor-id=\"6789\" class=\"elementor elementor-6789 elementor-304\" data-elementor-post-type=\"page\">\n\t\t\t\t\t\t<section class=\"elementor-section elementor-top-section elementor-element elementor-element-3eb9ce5 elementor-fs-modele-texte100 elementor-section-boxed elementor-section-height-default elementor-section-height-default\" data-id=\"3eb9ce5\" data-element_type=\"section\">\n\t\t\t\t\t\t<div class=\"elementor-container elementor-column-gap-default\">\n\t\t\t\t\t<div class=\"elementor-column elementor-col-100 elementor-top-column elementor-element elementor-element-5cde3c82\" data-id=\"5cde3c82\" data-element_type=\"column\">\n\t\t\t<div class=\"elementor-widget-wrap elementor-element-populated\">\n\t\t\t\t\t\t<div class=\"elementor-element elementor-element-2ad0f9e elementor-widget elementor-widget-heading\" data-id=\"2ad0f9e\" data-element_type=\"widget\" data-widget_type=\"heading.default\">\n\t\t\t\t<div class=\"elementor-widget-container\">\n\t\t\t\t\t<h2 class=\"elementor-heading-title elementor-size-default\">A unique historical heritage<\/h2>\t\t\t\t<\/div>\n\t\t\t\t<\/div>\n\t\t\t\t<div class=\"elementor-element elementor-element-6324e831 elementor-widget elementor-widget-text-editor\" data-id=\"6324e831\" data-element_type=\"widget\" data-widget_type=\"text-editor.default\">\n\t\t\t\t<div class=\"elementor-widget-container\">\n\t\t\t\t\t\t\t\t\t<p>We propose you to discover one of the most beautiful cities of France where it is good to live: \u00c9pernay, capital of champagne. It is often said that happiness is a glass of champagne in the hand. But, beyond the clich\u00e9, \u00c9pernay is a very charming city that is easy to visit on <b>foot, by bike or even by motorcycle<\/b> and offers a wonderful living environment. It is located at the confluence of the Marne and the Aisne, in the Champagne-Ardenne region. It is also surrounded by several municipalities in the Marne department.<\/p>\n<p>Today, <b>\u00c9pernay is the world capital of champagne<\/b>. Finally, there is also an important historical heritage.<\/p>\n\t\t\t\t\t\t\t\t<\/div>\n\t\t\t\t<\/div>\n\t\t\t\t\t<\/div>\n\t\t<\/div>\n\t\t\t\t\t<\/div>\n\t\t<\/section>\n\t\t\t\t<section class=\"elementor-section elementor-top-section elementor-element elementor-element-dbadb18 elementor-section-boxed elementor-section-height-default elementor-section-height-default\" data-id=\"dbadb18\" data-element_type=\"section\">\n\t\t\t\t\t\t<div class=\"elementor-container elementor-column-gap-default\">\n\t\t\t\t\t<div class=\"elementor-column elementor-col-100 elementor-top-column elementor-element elementor-element-2679d41\" data-id=\"2679d41\" data-element_type=\"column\">\n\t\t\t<div class=\"elementor-widget-wrap elementor-element-populated\">\n\t\t\t\t\t\t<div class=\"elementor-element elementor-element-22e795b elementor-widget elementor-widget-fs-widget-sommaire\" data-id=\"22e795b\" data-element_type=\"widget\" data-widget_type=\"fs-widget-sommaire.default\">\n\t\t\t\t<div class=\"elementor-widget-container\">\n\t\t\t\t\t\t\t\t\t<div class=\"container row listing listing-sommaire\">\n\t\t\t\t\t\t\t\t\t<\/div>\n\t\t\t\t\t\t\t\t<\/div>\n\t\t\t\t<\/div>\n\t\t\t\t\t<\/div>\n\t\t<\/div>\n\t\t\t\t\t<\/div>\n\t\t<\/section>\n\t\t\t\t<section class=\"elementor-section elementor-top-section elementor-element elementor-element-576e196b elementor-fs-modele-photo50-texte50 reverse elementor-section-boxed elementor-section-height-default elementor-section-height-default\" data-id=\"576e196b\" data-element_type=\"section\">\n\t\t\t\t\t\t<div class=\"elementor-container elementor-column-gap-default\">\n\t\t\t\t\t<div class=\"elementor-column elementor-col-50 elementor-top-column elementor-element elementor-element-6aa9f576 fs-image\" data-id=\"6aa9f576\" data-element_type=\"column\">\n\t\t\t<div class=\"elementor-widget-wrap elementor-element-populated\">\n\t\t\t\t\t\t<div class=\"elementor-element elementor-element-37216326 elementor-widget elementor-widget-image\" data-id=\"37216326\" data-element_type=\"widget\" data-widget_type=\"image.default\">\n\t\t\t\t<div class=\"elementor-widget-container\">\n\t\t\t\t\t\t\t\t\t\t\t\t<figure class=\"wp-caption\">\n\t\t\t\t\t\t\t\t\t\t<img fetchpriority=\"high\" decoding=\"async\" width=\"682\" height=\"1024\" src=\"https:\/\/www.epernay-tourisme.com\/assets\/uploads\/2022\/05\/musee-depernay-dscf1436-682x1024.jpg\" class=\"attachment-large size-large wp-image-2005\" alt=\"h\u00f4tels particulier sur l&#039;avenue de champagne \u00e0 Epernay\" srcset=\"https:\/\/www.epernay-tourisme.com\/assets\/uploads\/2022\/05\/musee-depernay-dscf1436-682x1024.jpg 682w, https:\/\/www.epernay-tourisme.com\/assets\/uploads\/2022\/05\/musee-depernay-dscf1436-200x300.jpg 200w, https:\/\/www.epernay-tourisme.com\/assets\/uploads\/2022\/05\/musee-depernay-dscf1436-768x1152.jpg 768w, https:\/\/www.epernay-tourisme.com\/assets\/uploads\/2022\/05\/musee-depernay-dscf1436-1024x1536.jpg 1024w, https:\/\/www.epernay-tourisme.com\/assets\/uploads\/2022\/05\/musee-depernay-dscf1436.jpg 1333w\" sizes=\"(max-width: 682px) 100vw, 682px\" \/>\t\t\t\t\t\t\t\t\t\t\t<figcaption class=\"widget-image-caption wp-caption-text\">Alexandre Couvreux Photographer <\/figcaption>\n\t\t\t\t\t\t\t\t\t\t<\/figure>\n\t\t\t\t\t\t\t\t\t<\/div>\n\t\t\t\t<\/div>\n\t\t\t\t\t<\/div>\n\t\t<\/div>\n\t\t\t\t<div class=\"elementor-column elementor-col-50 elementor-top-column elementor-element elementor-element-13492de0 fs-texte\" data-id=\"13492de0\" data-element_type=\"column\">\n\t\t\t<div class=\"elementor-widget-wrap elementor-element-populated\">\n\t\t\t\t\t\t<div class=\"elementor-element elementor-element-13c7e2d elementor-widget elementor-widget-heading\" data-id=\"13c7e2d\" data-element_type=\"widget\" data-widget_type=\"heading.default\">\n\t\t\t\t<div class=\"elementor-widget-container\">\n\t\t\t\t\t<h2 class=\"elementor-heading-title elementor-size-default\">Close to the nature of the Champagne region<\/h2>\t\t\t\t<\/div>\n\t\t\t\t<\/div>\n\t\t\t\t<div class=\"elementor-element elementor-element-273d3d8e elementor-widget elementor-widget-text-editor\" data-id=\"273d3d8e\" data-element_type=\"widget\" data-widget_type=\"text-editor.default\">\n\t\t\t\t<div class=\"elementor-widget-container\">\n\t\t\t\t\t\t\t\t\t<p>So, let yourself be guided and go on an escapade in Champagne,<b>a moment of relaxation for two, with family, friends, epicureans &#8230; close to the nature of Champagne<\/b>.<\/p>\n<p><span style=\"color: var(--body-color); display: inline !important;\">The Tourist Office offers a wide range of accommodations: hotels, bed and breakfast, campsites, residences, camping-car areas, g\u00eetes and furnished accommodation, bed and breakfast. <\/span><b style=\"color: var(--body-color);\">With a view on the vineyard, in the heart of the vineyards or on the Avenue de Champagne<\/b><span style=\"color: var(--body-color); display: inline !important;\">.<\/span><\/p>\n<p>A stay synonymous with memories, letting go, discovery and sharing to cultivate the essential.<br \/>By choosing Epernay en Champagne <b>we take our time<\/b>.<span style=\"font-weight: 400;\">. <\/span>. We privilege local products, encounters, walks, and we discover our city and our villages full of charm with amazement!<\/p>\n<p>Meet, discover the local culture, live an experience at the heart of visitors&#8217; expectations. We no longer simply visit a territory, we live it, we try to appreciate its particularities!  <b>So live the art of living in Champagne at your own pace of course!<\/b><\/p>\n\t\t\t\t\t\t\t\t<\/div>\n\t\t\t\t<\/div>\n\t\t\t\t\t<\/div>\n\t\t<\/div>\n\t\t\t\t\t<\/div>\n\t\t<\/section>\n\t\t\t\t<\/div>\n\t\t","protected":false},"excerpt":{"rendered":"<p>A unique historical heritage We propose you to discover one of the most beautiful cities of France where it is good to live: \u00c9pernay, capital of champagne. It is often said that happiness is a glass of champagne in the hand. But, beyond the clich\u00e9, \u00c9pernay is a very charming city that is easy to [&hellip;]<\/p>\n","protected":false},"author":2,"featured_media":2002,"parent":0,"menu_order":142,"comment_status":"closed","ping_status":"closed","template":"templates\/edito.php","meta":{"_acf_changed":false,"footnotes":""},"class_list":["post-6789","page","type-page","status-publish","has-post-thumbnail","hentry"],"acf":[],"yoast_head":"<!-- This site is optimized with the Yoast SEO plugin v26.2 - https:\/\/yoast.com\/wordpress\/plugins\/seo\/ -->\n<title>Staying in Epernay and its villages<\/title>\n<meta name=\"description\" content=\"In the middle of organizing your stay in Epernay? Find here all the addresses and information you will need to make an unforgettable moment!\" \/>\n<meta name=\"robots\" content=\"index, follow, max-snippet:-1, max-image-preview:large, max-video-preview:-1\" \/>\n<link rel=\"canonical\" href=\"https:\/\/www.epernay-tourisme.com\/en\/stay\/\" \/>\n<meta property=\"og:locale\" content=\"en_US\" \/>\n<meta property=\"og:type\" content=\"article\" \/>\n<meta property=\"og:title\" content=\"Staying in Epernay and its villages\" \/>\n<meta property=\"og:description\" content=\"In the middle of organizing your stay in Epernay? Find here all the addresses and information you will need to make an unforgettable moment!\" \/>\n<meta property=\"og:url\" content=\"https:\/\/www.epernay-tourisme.com\/en\/stay\/\" \/>\n<meta property=\"og:site_name\" content=\"Epernay\" \/>\n<meta property=\"article:publisher\" content=\"https:\/\/www.facebook.com\/tourisme.epernay.champagne\" \/>\n<meta property=\"article:modified_time\" content=\"2024-04-05T11:11:43+00:00\" \/>\n<meta property=\"og:image\" content=\"https:\/\/www.epernay-tourisme.com\/assets\/uploads\/2022\/06\/air-tonic-02-300x127.jpg\" \/>\n<meta name=\"twitter:card\" content=\"summary_large_image\" \/>\n<meta name=\"twitter:label1\" content=\"Est. reading time\" \/>\n\t<meta name=\"twitter:data1\" content=\"1 minute\" \/>\n<script type=\"application\/ld+json\" class=\"yoast-schema-graph\">{\"@context\":\"https:\/\/schema.org\",\"@graph\":[{\"@type\":\"WebPage\",\"@id\":\"https:\/\/www.epernay-tourisme.com\/en\/stay\/\",\"url\":\"https:\/\/www.epernay-tourisme.com\/en\/stay\/\",\"name\":\"Staying in Epernay and its villages\",\"isPartOf\":{\"@id\":\"https:\/\/www.epernay-tourisme.com\/en\/#website\"},\"primaryImageOfPage\":{\"@id\":\"https:\/\/www.epernay-tourisme.com\/en\/stay\/#primaryimage\"},\"image\":{\"@id\":\"https:\/\/www.epernay-tourisme.com\/en\/stay\/#primaryimage\"},\"thumbnailUrl\":\"https:\/\/www.epernay-tourisme.com\/assets\/uploads\/2022\/05\/vignoble-chavot-courcourt-les-droners-4.jpg\",\"datePublished\":\"2023-03-01T15:55:05+00:00\",\"dateModified\":\"2024-04-05T11:11:43+00:00\",\"description\":\"In the middle of organizing your stay in Epernay? Find here all the addresses and information you will need to make an unforgettable moment!\",\"breadcrumb\":{\"@id\":\"https:\/\/www.epernay-tourisme.com\/en\/stay\/#breadcrumb\"},\"inLanguage\":\"en-US\",\"potentialAction\":[{\"@type\":\"ReadAction\",\"target\":[\"https:\/\/www.epernay-tourisme.com\/en\/stay\/\"]}]},{\"@type\":\"ImageObject\",\"inLanguage\":\"en-US\",\"@id\":\"https:\/\/www.epernay-tourisme.com\/en\/stay\/#primaryimage\",\"url\":\"https:\/\/www.epernay-tourisme.com\/assets\/uploads\/2022\/05\/vignoble-chavot-courcourt-les-droners-4.jpg\",\"contentUrl\":\"https:\/\/www.epernay-tourisme.com\/assets\/uploads\/2022\/05\/vignoble-chavot-courcourt-les-droners-4.jpg\",\"width\":1360,\"height\":907,\"caption\":\"Eglise de Chavot Courcourt par les Droners\"},{\"@type\":\"BreadcrumbList\",\"@id\":\"https:\/\/www.epernay-tourisme.com\/en\/stay\/#breadcrumb\",\"itemListElement\":[{\"@type\":\"ListItem\",\"position\":1,\"name\":\"Accueil\",\"item\":\"https:\/\/www.epernay-tourisme.com\/en\/\"},{\"@type\":\"ListItem\",\"position\":2,\"name\":\"Stay\"}]},{\"@type\":\"WebSite\",\"@id\":\"https:\/\/www.epernay-tourisme.com\/en\/#website\",\"url\":\"https:\/\/www.epernay-tourisme.com\/en\/\",\"name\":\"Epernay\",\"description\":\"\",\"publisher\":{\"@id\":\"https:\/\/www.epernay-tourisme.com\/en\/#organization\"},\"potentialAction\":[{\"@type\":\"SearchAction\",\"target\":{\"@type\":\"EntryPoint\",\"urlTemplate\":\"https:\/\/www.epernay-tourisme.com\/en\/?s={search_term_string}\"},\"query-input\":{\"@type\":\"PropertyValueSpecification\",\"valueRequired\":true,\"valueName\":\"search_term_string\"}}],\"inLanguage\":\"en-US\"},{\"@type\":\"Organization\",\"@id\":\"https:\/\/www.epernay-tourisme.com\/en\/#organization\",\"name\":\"Epernay\",\"url\":\"https:\/\/www.epernay-tourisme.com\/en\/\",\"logo\":{\"@type\":\"ImageObject\",\"inLanguage\":\"en-US\",\"@id\":\"https:\/\/www.epernay-tourisme.com\/en\/#\/schema\/logo\/image\/\",\"url\":\"https:\/\/www.epernay-tourisme.com\/assets\/uploads\/2022\/02\/logo-epernay.svg\",\"contentUrl\":\"https:\/\/www.epernay-tourisme.com\/assets\/uploads\/2022\/02\/logo-epernay.svg\",\"width\":242,\"height\":63,\"caption\":\"Epernay\"},\"image\":{\"@id\":\"https:\/\/www.epernay-tourisme.com\/en\/#\/schema\/logo\/image\/\"},\"sameAs\":[\"https:\/\/www.facebook.com\/tourisme.epernay.champagne\",\"https:\/\/www.linkedin.com\/company\/office-de-tourisme-epernay\/\",\"https:\/\/www.instagram.com\/epernaytourisme\/\"]}]}<\/script>\n<!-- \/ Yoast SEO plugin. -->","yoast_head_json":{"title":"Staying in Epernay and its villages","description":"In the middle of organizing your stay in Epernay? Find here all the addresses and information you will need to make an unforgettable moment!","robots":{"index":"index","follow":"follow","max-snippet":"max-snippet:-1","max-image-preview":"max-image-preview:large","max-video-preview":"max-video-preview:-1"},"canonical":"https:\/\/www.epernay-tourisme.com\/en\/stay\/","og_locale":"en_US","og_type":"article","og_title":"Staying in Epernay and its villages","og_description":"In the middle of organizing your stay in Epernay? Find here all the addresses and information you will need to make an unforgettable moment!","og_url":"https:\/\/www.epernay-tourisme.com\/en\/stay\/","og_site_name":"Epernay","article_publisher":"https:\/\/www.facebook.com\/tourisme.epernay.champagne","article_modified_time":"2024-04-05T11:11:43+00:00","og_image":[{"url":"https:\/\/www.epernay-tourisme.com\/assets\/uploads\/2022\/06\/air-tonic-02-300x127.jpg","type":"","width":"","height":""}],"twitter_card":"summary_large_image","twitter_misc":{"Est. reading time":"1 minute"},"schema":{"@context":"https:\/\/schema.org","@graph":[{"@type":"WebPage","@id":"https:\/\/www.epernay-tourisme.com\/en\/stay\/","url":"https:\/\/www.epernay-tourisme.com\/en\/stay\/","name":"Staying in Epernay and its villages","isPartOf":{"@id":"https:\/\/www.epernay-tourisme.com\/en\/#website"},"primaryImageOfPage":{"@id":"https:\/\/www.epernay-tourisme.com\/en\/stay\/#primaryimage"},"image":{"@id":"https:\/\/www.epernay-tourisme.com\/en\/stay\/#primaryimage"},"thumbnailUrl":"https:\/\/www.epernay-tourisme.com\/assets\/uploads\/2022\/05\/vignoble-chavot-courcourt-les-droners-4.jpg","datePublished":"2023-03-01T15:55:05+00:00","dateModified":"2024-04-05T11:11:43+00:00","description":"In the middle of organizing your stay in Epernay? Find here all the addresses and information you will need to make an unforgettable moment!","breadcrumb":{"@id":"https:\/\/www.epernay-tourisme.com\/en\/stay\/#breadcrumb"},"inLanguage":"en-US","potentialAction":[{"@type":"ReadAction","target":["https:\/\/www.epernay-tourisme.com\/en\/stay\/"]}]},{"@type":"ImageObject","inLanguage":"en-US","@id":"https:\/\/www.epernay-tourisme.com\/en\/stay\/#primaryimage","url":"https:\/\/www.epernay-tourisme.com\/assets\/uploads\/2022\/05\/vignoble-chavot-courcourt-les-droners-4.jpg","contentUrl":"https:\/\/www.epernay-tourisme.com\/assets\/uploads\/2022\/05\/vignoble-chavot-courcourt-les-droners-4.jpg","width":1360,"height":907,"caption":"Eglise de Chavot Courcourt par les Droners"},{"@type":"BreadcrumbList","@id":"https:\/\/www.epernay-tourisme.com\/en\/stay\/#breadcrumb","itemListElement":[{"@type":"ListItem","position":1,"name":"Accueil","item":"https:\/\/www.epernay-tourisme.com\/en\/"},{"@type":"ListItem","position":2,"name":"Stay"}]},{"@type":"WebSite","@id":"https:\/\/www.epernay-tourisme.com\/en\/#website","url":"https:\/\/www.epernay-tourisme.com\/en\/","name":"Epernay","description":"","publisher":{"@id":"https:\/\/www.epernay-tourisme.com\/en\/#organization"},"potentialAction":[{"@type":"SearchAction","target":{"@type":"EntryPoint","urlTemplate":"https:\/\/www.epernay-tourisme.com\/en\/?s={search_term_string}"},"query-input":{"@type":"PropertyValueSpecification","valueRequired":true,"valueName":"search_term_string"}}],"inLanguage":"en-US"},{"@type":"Organization","@id":"https:\/\/www.epernay-tourisme.com\/en\/#organization","name":"Epernay","url":"https:\/\/www.epernay-tourisme.com\/en\/","logo":{"@type":"ImageObject","inLanguage":"en-US","@id":"https:\/\/www.epernay-tourisme.com\/en\/#\/schema\/logo\/image\/","url":"https:\/\/www.epernay-tourisme.com\/assets\/uploads\/2022\/02\/logo-epernay.svg","contentUrl":"https:\/\/www.epernay-tourisme.com\/assets\/uploads\/2022\/02\/logo-epernay.svg","width":242,"height":63,"caption":"Epernay"},"image":{"@id":"https:\/\/www.epernay-tourisme.com\/en\/#\/schema\/logo\/image\/"},"sameAs":["https:\/\/www.facebook.com\/tourisme.epernay.champagne","https:\/\/www.linkedin.com\/company\/office-de-tourisme-epernay\/","https:\/\/www.instagram.com\/epernaytourisme\/"]}]}},"_links":{"self":[{"href":"https:\/\/www.epernay-tourisme.com\/en\/wp-json\/wp\/v2\/pages\/6789","targetHints":{"allow":["GET"]}}],"collection":[{"href":"https:\/\/www.epernay-tourisme.com\/en\/wp-json\/wp\/v2\/pages"}],"about":[{"href":"https:\/\/www.epernay-tourisme.com\/en\/wp-json\/wp\/v2\/types\/page"}],"author":[{"embeddable":true,"href":"https:\/\/www.epernay-tourisme.com\/en\/wp-json\/wp\/v2\/users\/2"}],"replies":[{"embeddable":true,"href":"https:\/\/www.epernay-tourisme.com\/en\/wp-json\/wp\/v2\/comments?post=6789"}],"version-history":[{"count":0,"href":"https:\/\/www.epernay-tourisme.com\/en\/wp-json\/wp\/v2\/pages\/6789\/revisions"}],"wp:featuredmedia":[{"embeddable":true,"href":"https:\/\/www.epernay-tourisme.com\/en\/wp-json\/wp\/v2\/media\/2002"}],"wp:attachment":[{"href":"https:\/\/www.epernay-tourisme.com\/en\/wp-json\/wp\/v2\/media?parent=6789"}],"curies":[{"name":"wp","href":"https:\/\/api.w.org\/{rel}","templated":true}]}}